{"id":1973,"date":"2023-09-14T09:33:08","date_gmt":"2023-09-14T07:33:08","guid":{"rendered":"https:\/\/borgvardt-ur.dk\/om-os-2\/"},"modified":"2026-01-26T21:26:48","modified_gmt":"2026-01-26T20:26:48","slug":"about-us","status":"publish","type":"page","link":"https:\/\/borgvardt-ur.dk\/en\/om-os\/","title":{"rendered":"Our history"},"content":{"rendered":"\t\t<div data-elementor-type=\"wp-post\" data-elementor-id=\"1973\" class=\"elementor elementor-1973\" data-elementor-post-type=\"page\">\n\t\t\t\t<div class=\"elementor-element elementor-element-ade8886 e-flex e-con-boxed e-con e-parent\" data-id=\"ade8886\" data-element_type=\"container\" data-e-type=\"container\">\n\t\t\t\t\t<div class=\"e-con-inner\">\n\t\t\t\t<div class=\"elementor-element elementor-element-216ff88 elementor-widget elementor-widget-heading\" data-id=\"216ff88\" data-element_type=\"widget\" data-e-type=\"widget\" data-widget_type=\"heading.default\">\n\t\t\t\t<div class=\"elementor-widget-container\">\n\t\t\t\t\t<h3 class=\"elementor-heading-title elementor-size-default\">Vores Historie<\/h3>\t\t\t\t<\/div>\n\t\t\t\t<\/div>\n\t\t\t\t<div class=\"elementor-element elementor-element-b3a608f elementor-widget elementor-widget-heading\" data-id=\"b3a608f\" data-element_type=\"widget\" data-e-type=\"widget\" data-widget_type=\"heading.default\">\n\t\t\t\t<div class=\"elementor-widget-container\">\n\t\t\t\t\t<h2 class=\"elementor-heading-title elementor-size-default\">Det hele startede med en dr\u00f8m om at skabe noget og min store passion for ure tog sin sp\u00e6de begyndelse, da jeg som helt ung opdagede mit fars arvede lommeur<\/h2>\t\t\t\t<\/div>\n\t\t\t\t<\/div>\n\t\t\t\t<div class=\"elementor-element elementor-element-890f8da elementor-widget elementor-widget-text-editor\" data-id=\"890f8da\" data-element_type=\"widget\" data-e-type=\"widget\" data-widget_type=\"text-editor.default\">\n\t\t\t\t<div class=\"elementor-widget-container\">\n\t\t\t\t\t\t\t\t\t<p>Min store passion for ure tog sin sp\u00e6de begyndelse, da jeg som ung opdagede mit fars arvede lommeur. Det l\u00e5 altid fremme p\u00e5 reolen, og jeg kunne ikke f\u00e5 nok af at betragte det hver gang jeg fik muligheden for det. Jeg blev fuldst\u00e6ndig fordybet i det og tanken om at det var n\u00f8dvenligt at dreje p\u00e5 kronen f\u00f8r det kunne vise tiden, fandt jeg yderst fascinerende.<\/p>\t\t\t\t\t\t\t\t<\/div>\n\t\t\t\t<\/div>\n\t\t\t\t\t<\/div>\n\t\t\t\t<\/div>\n\t\t<div class=\"elementor-element elementor-element-ba9e9f8 elementor-hidden-mobile e-flex e-con-boxed e-con e-parent\" data-id=\"ba9e9f8\" data-element_type=\"container\" data-e-type=\"container\">\n\t\t\t\t\t<div class=\"e-con-inner\">\n\t\t<div class=\"elementor-element elementor-element-bac81b1 e-con-full e-flex e-con e-child\" data-id=\"bac81b1\" data-element_type=\"container\" data-e-type=\"container\">\n\t\t\t\t<div class=\"elementor-element elementor-element-e0750cb elementor-widget elementor-widget-image\" data-id=\"e0750cb\" data-element_type=\"widget\" data-e-type=\"widget\" data-widget_type=\"image.default\">\n\t\t\t\t<div class=\"elementor-widget-container\">\n\t\t\t\t\t\t\t\t\t\t\t\t\t\t\t<img fetchpriority=\"high\" decoding=\"async\" width=\"683\" height=\"1024\" src=\"https:\/\/borgvardt-ur.dk\/wp-content\/uploads\/DSC05668-2-1024x1536-1-683x1024.jpg\" class=\"attachment-large size-large wp-image-4688\" alt=\"\" srcset=\"https:\/\/borgvardt-ur.dk\/wp-content\/uploads\/DSC05668-2-1024x1536-1-683x1024.jpg 683w, https:\/\/borgvardt-ur.dk\/wp-content\/uploads\/DSC05668-2-1024x1536-1-200x300.jpg 200w, https:\/\/borgvardt-ur.dk\/wp-content\/uploads\/DSC05668-2-1024x1536-1-768x1152.jpg 768w, https:\/\/borgvardt-ur.dk\/wp-content\/uploads\/DSC05668-2-1024x1536-1-800x1200.jpg 800w, https:\/\/borgvardt-ur.dk\/wp-content\/uploads\/DSC05668-2-1024x1536-1.jpg 1024w\" sizes=\"(max-width: 683px) 100vw, 683px\" \/>\t\t\t\t\t\t\t\t\t\t\t\t\t\t\t<\/div>\n\t\t\t\t<\/div>\n\t\t\t\t<div class=\"elementor-element elementor-element-b26acbe elementor-widget elementor-widget-image\" data-id=\"b26acbe\" data-element_type=\"widget\" data-e-type=\"widget\" data-widget_type=\"image.default\">\n\t\t\t\t<div class=\"elementor-widget-container\">\n\t\t\t\t\t\t\t\t\t\t\t\t\t\t\t<img decoding=\"async\" width=\"683\" height=\"1024\" src=\"https:\/\/borgvardt-ur.dk\/wp-content\/uploads\/81D00493-37A9-4B13-BD1A-C21AA9CFCCE7-683x1024.png\" class=\"attachment-large size-large wp-image-6196\" alt=\"\" srcset=\"https:\/\/borgvardt-ur.dk\/wp-content\/uploads\/81D00493-37A9-4B13-BD1A-C21AA9CFCCE7-683x1024.png 683w, https:\/\/borgvardt-ur.dk\/wp-content\/uploads\/81D00493-37A9-4B13-BD1A-C21AA9CFCCE7-200x300.png 200w, https:\/\/borgvardt-ur.dk\/wp-content\/uploads\/81D00493-37A9-4B13-BD1A-C21AA9CFCCE7-768x1152.png 768w, https:\/\/borgvardt-ur.dk\/wp-content\/uploads\/81D00493-37A9-4B13-BD1A-C21AA9CFCCE7-8x12.png 8w, https:\/\/borgvardt-ur.dk\/wp-content\/uploads\/81D00493-37A9-4B13-BD1A-C21AA9CFCCE7-800x1200.png 800w, https:\/\/borgvardt-ur.dk\/wp-content\/uploads\/81D00493-37A9-4B13-BD1A-C21AA9CFCCE7.png 1024w\" sizes=\"(max-width: 683px) 100vw, 683px\" \/>\t\t\t\t\t\t\t\t\t\t\t\t\t\t\t<\/div>\n\t\t\t\t<\/div>\n\t\t\t\t<\/div>\n\t\t<div class=\"elementor-element elementor-element-d4d1ae5 e-con-full e-flex e-con e-child\" data-id=\"d4d1ae5\" data-element_type=\"container\" data-e-type=\"container\">\n\t\t\t\t<div class=\"elementor-element elementor-element-cea8a89 elementor-widget elementor-widget-image\" data-id=\"cea8a89\" data-element_type=\"widget\" data-e-type=\"widget\" data-widget_type=\"image.default\">\n\t\t\t\t<div class=\"elementor-widget-container\">\n\t\t\t\t\t\t\t\t\t\t\t\t\t\t\t<img decoding=\"async\" width=\"800\" height=\"889\" src=\"https:\/\/borgvardt-ur.dk\/wp-content\/uploads\/72-922x1024.jpg\" class=\"attachment-large size-large wp-image-6133\" alt=\"\" srcset=\"https:\/\/borgvardt-ur.dk\/wp-content\/uploads\/72-922x1024.jpg 922w, https:\/\/borgvardt-ur.dk\/wp-content\/uploads\/72-270x300.jpg 270w, https:\/\/borgvardt-ur.dk\/wp-content\/uploads\/72-768x853.jpg 768w, https:\/\/borgvardt-ur.dk\/wp-content\/uploads\/72-1382x1536.jpg 1382w, https:\/\/borgvardt-ur.dk\/wp-content\/uploads\/72-scaled.jpg 1843w, https:\/\/borgvardt-ur.dk\/wp-content\/uploads\/72-11x12.jpg 11w, https:\/\/borgvardt-ur.dk\/wp-content\/uploads\/72-800x889.jpg 800w\" sizes=\"(max-width: 800px) 100vw, 800px\" \/>\t\t\t\t\t\t\t\t\t\t\t\t\t\t\t<\/div>\n\t\t\t\t<\/div>\n\t\t\t\t<\/div>\n\t\t\t\t\t<\/div>\n\t\t\t\t<\/div>\n\t\t<div class=\"elementor-element elementor-element-691891a e-con-full elementor-hidden-desktop elementor-hidden-tablet e-flex e-con e-parent\" data-id=\"691891a\" data-element_type=\"container\" data-e-type=\"container\">\n\t\t\t\t<div class=\"elementor-element elementor-element-a1517c6 elementor-pagination-type-progressbar custom-historie-karrussel elementor-widget elementor-widget-n-carousel\" data-id=\"a1517c6\" data-element_type=\"widget\" data-e-type=\"widget\" data-settings=\"{&quot;carousel_items&quot;:[{&quot;slide_title&quot;:&quot;Slide #1&quot;,&quot;_id&quot;:&quot;12bbd82&quot;},{&quot;slide_title&quot;:&quot;Slide #2&quot;,&quot;_id&quot;:&quot;eb43db6&quot;},{&quot;slide_title&quot;:&quot;Slide #3&quot;,&quot;_id&quot;:&quot;b8b5028&quot;}],&quot;slides_to_scroll_mobile&quot;:&quot;1&quot;,&quot;offset_sides&quot;:&quot;both&quot;,&quot;pagination&quot;:&quot;progressbar&quot;,&quot;image_spacing_custom_mobile&quot;:{&quot;unit&quot;:&quot;px&quot;,&quot;size&quot;:10,&quot;sizes&quot;:[]},&quot;slides_to_show&quot;:&quot;3&quot;,&quot;slides_to_scroll&quot;:&quot;1&quot;,&quot;slides_to_scroll_tablet&quot;:&quot;1&quot;,&quot;offset_width&quot;:{&quot;unit&quot;:&quot;px&quot;,&quot;size&quot;:50,&quot;sizes&quot;:[]},&quot;offset_width_tablet&quot;:{&quot;unit&quot;:&quot;px&quot;,&quot;size&quot;:50,&quot;sizes&quot;:[]},&quot;offset_width_mobile&quot;:{&quot;unit&quot;:&quot;px&quot;,&quot;size&quot;:30,&quot;sizes&quot;:[]},&quot;image_spacing_custom&quot;:{&quot;unit&quot;:&quot;px&quot;,&quot;size&quot;:20,&quot;sizes&quot;:[]},&quot;image_spacing_custom_tablet&quot;:{&quot;unit&quot;:&quot;px&quot;,&quot;size&quot;:15,&quot;sizes&quot;:[]},&quot;slides_to_show_tablet&quot;:&quot;2&quot;,&quot;slides_to_show_mobile&quot;:&quot;1&quot;,&quot;infinite&quot;:&quot;yes&quot;,&quot;speed&quot;:500}\" data-widget_type=\"nested-carousel.default\">\n\t\t\t\t<div class=\"elementor-widget-container\">\n\t\t\t\t\t\t\t<div class=\"e-n-carousel swiper\" role=\"region\" aria-roledescription=\"carousel\" aria-label=\"Karrussel\" dir=\"ltr\">\n\t\t\t<div class=\"swiper-wrapper\" aria-live=\"polite\">\n\t\t\t\t\t\t\t\t\t\t<div class=\"swiper-slide\" data-slide=\"1\" role=\"group\" aria-roledescription=\"slide\" aria-label=\"1 of 3\">\n\t\t\t\t\t\t\t<div class=\"elementor-element elementor-element-c5f00a6 e-flex e-con-boxed e-con e-child\" data-id=\"c5f00a6\" data-element_type=\"container\" data-e-type=\"container\">\n\t\t\t\t\t<div class=\"e-con-inner\">\n\t\t\t\t<div class=\"elementor-element elementor-element-ea9101f elementor-widget elementor-widget-image\" data-id=\"ea9101f\" data-element_type=\"widget\" data-e-type=\"widget\" data-widget_type=\"image.default\">\n\t\t\t\t<div class=\"elementor-widget-container\">\n\t\t\t\t\t\t\t\t\t\t\t\t\t\t\t<img fetchpriority=\"high\" decoding=\"async\" width=\"683\" height=\"1024\" src=\"https:\/\/borgvardt-ur.dk\/wp-content\/uploads\/DSC05668-2-1024x1536-1-683x1024.jpg\" class=\"attachment-large size-large wp-image-4688\" alt=\"\" srcset=\"https:\/\/borgvardt-ur.dk\/wp-content\/uploads\/DSC05668-2-1024x1536-1-683x1024.jpg 683w, https:\/\/borgvardt-ur.dk\/wp-content\/uploads\/DSC05668-2-1024x1536-1-200x300.jpg 200w, https:\/\/borgvardt-ur.dk\/wp-content\/uploads\/DSC05668-2-1024x1536-1-768x1152.jpg 768w, https:\/\/borgvardt-ur.dk\/wp-content\/uploads\/DSC05668-2-1024x1536-1-800x1200.jpg 800w, https:\/\/borgvardt-ur.dk\/wp-content\/uploads\/DSC05668-2-1024x1536-1.jpg 1024w\" sizes=\"(max-width: 683px) 100vw, 683px\" \/>\t\t\t\t\t\t\t\t\t\t\t\t\t\t\t<\/div>\n\t\t\t\t<\/div>\n\t\t\t\t\t<\/div>\n\t\t\t\t<\/div>\n\t\t\t\t\t\t\t\t<\/div>\n\t\t\t\t\t\t\t\t\t\t\t<div class=\"swiper-slide\" data-slide=\"2\" role=\"group\" aria-roledescription=\"slide\" aria-label=\"2 of 3\">\n\t\t\t\t\t\t\t<div class=\"elementor-element elementor-element-4fc3505 e-flex e-con-boxed e-con e-child\" data-id=\"4fc3505\" data-element_type=\"container\" data-e-type=\"container\">\n\t\t\t\t\t<div class=\"e-con-inner\">\n\t\t\t\t<div class=\"elementor-element elementor-element-fd6ad92 elementor-widget elementor-widget-image\" data-id=\"fd6ad92\" data-element_type=\"widget\" data-e-type=\"widget\" data-widget_type=\"image.default\">\n\t\t\t\t<div class=\"elementor-widget-container\">\n\t\t\t\t\t\t\t\t\t\t\t\t\t\t\t<img loading=\"lazy\" decoding=\"async\" width=\"576\" height=\"1024\" src=\"https:\/\/borgvardt-ur.dk\/wp-content\/uploads\/VIDEO-ANNONCE-SHORELINE-Din-historie-2-576x1024.png\" class=\"attachment-large size-large wp-image-5309\" alt=\"\" srcset=\"https:\/\/borgvardt-ur.dk\/wp-content\/uploads\/VIDEO-ANNONCE-SHORELINE-Din-historie-2-576x1024.png 576w, https:\/\/borgvardt-ur.dk\/wp-content\/uploads\/VIDEO-ANNONCE-SHORELINE-Din-historie-2-169x300.png 169w, https:\/\/borgvardt-ur.dk\/wp-content\/uploads\/VIDEO-ANNONCE-SHORELINE-Din-historie-2-768x1365.png 768w, https:\/\/borgvardt-ur.dk\/wp-content\/uploads\/VIDEO-ANNONCE-SHORELINE-Din-historie-2-864x1536.png 864w, https:\/\/borgvardt-ur.dk\/wp-content\/uploads\/VIDEO-ANNONCE-SHORELINE-Din-historie-2-800x1422.png 800w, https:\/\/borgvardt-ur.dk\/wp-content\/uploads\/VIDEO-ANNONCE-SHORELINE-Din-historie-2.png 1080w\" sizes=\"(max-width: 576px) 100vw, 576px\" \/>\t\t\t\t\t\t\t\t\t\t\t\t\t\t\t<\/div>\n\t\t\t\t<\/div>\n\t\t\t\t\t<\/div>\n\t\t\t\t<\/div>\n\t\t\t\t\t\t\t\t<\/div>\n\t\t\t\t\t\t\t\t\t\t\t<div class=\"swiper-slide\" data-slide=\"3\" role=\"group\" aria-roledescription=\"slide\" aria-label=\"3 of 3\">\n\t\t\t\t\t\t\t<div class=\"elementor-element elementor-element-4aaee98 e-flex e-con-boxed e-con e-child\" data-id=\"4aaee98\" data-element_type=\"container\" data-e-type=\"container\">\n\t\t\t\t\t<div class=\"e-con-inner\">\n\t\t\t\t<div class=\"elementor-element elementor-element-93b3b18 elementor-widget elementor-widget-image\" data-id=\"93b3b18\" data-element_type=\"widget\" data-e-type=\"widget\" data-widget_type=\"image.default\">\n\t\t\t\t<div class=\"elementor-widget-container\">\n\t\t\t\t\t\t\t\t\t\t\t\t\t\t\t<img loading=\"lazy\" decoding=\"async\" width=\"800\" height=\"889\" src=\"https:\/\/borgvardt-ur.dk\/wp-content\/uploads\/15-1-922x1024.jpg\" class=\"attachment-large size-large wp-image-5305\" alt=\"\" srcset=\"https:\/\/borgvardt-ur.dk\/wp-content\/uploads\/15-1-922x1024.jpg 922w, https:\/\/borgvardt-ur.dk\/wp-content\/uploads\/15-1-270x300.jpg 270w, https:\/\/borgvardt-ur.dk\/wp-content\/uploads\/15-1-768x853.jpg 768w, https:\/\/borgvardt-ur.dk\/wp-content\/uploads\/15-1-800x889.jpg 800w, https:\/\/borgvardt-ur.dk\/wp-content\/uploads\/15-1.jpg 1080w\" sizes=\"(max-width: 800px) 100vw, 800px\" \/>\t\t\t\t\t\t\t\t\t\t\t\t\t\t\t<\/div>\n\t\t\t\t<\/div>\n\t\t\t\t\t<\/div>\n\t\t\t\t<\/div>\n\t\t\t\t\t\t\t\t<\/div>\n\t\t\t\t\t\t\t\t<\/div>\n\t\t<\/div>\n\t\t\t\t\t<div class=\"swiper-pagination\"><\/div>\n\t\t\t\t\t\t<\/div>\n\t\t\t\t<\/div>\n\t\t\t\t<\/div>\n\t\t<div class=\"elementor-element elementor-element-7a0358f e-flex e-con-boxed e-con e-parent\" data-id=\"7a0358f\" data-element_type=\"container\" data-e-type=\"container\">\n\t\t\t\t\t<div class=\"e-con-inner\">\n\t\t\t\t<div class=\"elementor-element elementor-element-81846e6 elementor-widget elementor-widget-text-editor\" data-id=\"81846e6\" data-element_type=\"widget\" data-e-type=\"widget\" data-widget_type=\"text-editor.default\">\n\t\t\t\t<div class=\"elementor-widget-container\">\n\t\t\t\t\t\t\t\t\t<p>I 2016 besluttede jeg at forf\u00f8lge min dr\u00f8m og skabe et dansk urm\u00e6rke \u2013 Borgvardt Ure. Navnet har en s\u00e6rlig betydning for mig, da det er min og familiens efternavn. Det er ikke blot et brand; det er et personligt engagement og en hyldest til en vision, der er vokset ud af min egen identitet.<\/p>\t\t\t\t\t\t\t\t<\/div>\n\t\t\t\t<\/div>\n\t\t\t\t\t<\/div>\n\t\t\t\t<\/div>\n\t\t<div class=\"elementor-element elementor-element-10598db custom-hero elementor-hidden-desktop elementor-hidden-tablet e-flex e-con-boxed e-con e-parent\" data-id=\"10598db\" data-element_type=\"container\" data-e-type=\"container\" data-settings=\"{&quot;background_background&quot;:&quot;classic&quot;}\">\n\t\t\t\t\t<div class=\"e-con-inner\">\n\t\t<div class=\"elementor-element elementor-element-4ed13db e-con-full e-flex e-con e-child\" data-id=\"4ed13db\" data-element_type=\"container\" data-e-type=\"container\">\n\t\t\t\t<div class=\"elementor-element elementor-element-c002c53 elementor-widget elementor-widget-text-editor\" data-id=\"c002c53\" data-element_type=\"widget\" data-e-type=\"widget\" data-widget_type=\"text-editor.default\">\n\t\t\t\t<div class=\"elementor-widget-container\">\n\t\t\t\t\t\t\t\t\t<p>Opdag Vores Kollektion<\/p>\t\t\t\t\t\t\t\t<\/div>\n\t\t\t\t<\/div>\n\t\t\t\t<div class=\"elementor-element elementor-element-0f8ee90 elementor-widget elementor-widget-heading\" data-id=\"0f8ee90\" data-element_type=\"widget\" data-e-type=\"widget\" data-widget_type=\"heading.default\">\n\t\t\t\t<div class=\"elementor-widget-container\">\n\t\t\t\t\t<h1 class=\"elementor-heading-title elementor-size-default\">BORGVARDT<\/h1>\t\t\t\t<\/div>\n\t\t\t\t<\/div>\n\t\t\t\t<div class=\"elementor-element elementor-element-b28d64f elementor-widget elementor-widget-text-editor\" data-id=\"b28d64f\" data-element_type=\"widget\" data-e-type=\"widget\" data-widget_type=\"text-editor.default\">\n\t\t\t\t<div class=\"elementor-widget-container\">\n\t\t\t\t\t\t\t\t\t<p>SHOP ONLINE<\/p>\t\t\t\t\t\t\t\t<\/div>\n\t\t\t\t<\/div>\n\t\t\t\t<\/div>\n\t\t<div class=\"elementor-element elementor-element-0de2536 e-con-full e-flex e-con e-child\" data-id=\"0de2536\" data-element_type=\"container\" data-e-type=\"container\">\n\t\t\t\t<div class=\"elementor-element elementor-element-e56386b elementor-widget elementor-widget-button\" data-id=\"e56386b\" data-element_type=\"widget\" data-e-type=\"widget\" data-widget_type=\"button.default\">\n\t\t\t\t<div class=\"elementor-widget-container\">\n\t\t\t\t\t\t\t\t\t<div class=\"elementor-button-wrapper\">\n\t\t\t\t\t<a class=\"elementor-button elementor-button-link elementor-size-sm\" href=\"https:\/\/borgvardt-ur.dk\/en\/kategori\/herreure\/\">\n\t\t\t\t\t\t<span class=\"elementor-button-content-wrapper\">\n\t\t\t\t\t\t\t\t\t<span class=\"elementor-button-text\">Alle herreure<\/span>\n\t\t\t\t\t<\/span>\n\t\t\t\t\t<\/a>\n\t\t\t\t<\/div>\n\t\t\t\t\t\t\t\t<\/div>\n\t\t\t\t<\/div>\n\t\t\t\t<div class=\"elementor-element elementor-element-882694c elementor-widget elementor-widget-button\" data-id=\"882694c\" data-element_type=\"widget\" data-e-type=\"widget\" data-widget_type=\"button.default\">\n\t\t\t\t<div class=\"elementor-widget-container\">\n\t\t\t\t\t\t\t\t\t<div class=\"elementor-button-wrapper\">\n\t\t\t\t\t<a class=\"elementor-button elementor-button-link elementor-size-sm\" href=\"https:\/\/borgvardt-ur.dk\/en\/kategori\/dameure\/\">\n\t\t\t\t\t\t<span class=\"elementor-button-content-wrapper\">\n\t\t\t\t\t\t\t\t\t<span class=\"elementor-button-text\">Alle dameure<\/span>\n\t\t\t\t\t<\/span>\n\t\t\t\t\t<\/a>\n\t\t\t\t<\/div>\n\t\t\t\t\t\t\t\t<\/div>\n\t\t\t\t<\/div>\n\t\t\t\t<\/div>\n\t\t\t\t\t<\/div>\n\t\t\t\t<\/div>\n\t\t\t\t<\/div>\n\t\t","protected":false},"excerpt":{"rendered":"<p>Vores Historie Det hele startede med en dr\u00f8m om at skabe noget og min store passion for ure tog sin sp\u00e6de begyndelse, da jeg som helt ung opdagede mit fars arvede lommeur Min store passion for ure tog sin sp\u00e6de begyndelse, da jeg som ung opdagede mit fars arvede lommeur. Det l\u00e5 altid fremme p\u00e5 [&hellip;]<\/p>\n","protected":false},"author":1,"featured_media":0,"parent":0,"menu_order":0,"comment_status":"closed","ping_status":"closed","template":"","meta":{"footnotes":""},"class_list":["post-1973","page","type-page","status-publish","hentry"],"yoast_head":"<!-- This site is optimized with the Yoast SEO plugin v27.3 - https:\/\/yoast.com\/product\/yoast-seo-wordpress\/ -->\n<title>Vores historie | Borgvardt Ure<\/title>\n<meta name=\"robots\" content=\"index, follow, max-snippet:-1, max-image-preview:large, max-video-preview:-1\" \/>\n<link rel=\"canonical\" href=\"https:\/\/borgvardt-ur.dk\/en\/about-us\/\" \/>\n<meta property=\"og:locale\" content=\"en_US\" \/>\n<meta property=\"og:type\" content=\"article\" \/>\n<meta property=\"og:title\" content=\"Vores historie | Borgvardt Ure\" \/>\n<meta property=\"og:description\" content=\"Vores Historie Det hele startede med en dr\u00f8m om at skabe noget og min store passion for ure tog sin sp\u00e6de begyndelse, da jeg som helt ung opdagede mit fars arvede lommeur Min store passion for ure tog sin sp\u00e6de begyndelse, da jeg som ung opdagede mit fars arvede lommeur. Det l\u00e5 altid fremme p\u00e5 [&hellip;]\" \/>\n<meta property=\"og:url\" content=\"https:\/\/borgvardt-ur.dk\/en\/about-us\/\" \/>\n<meta property=\"og:site_name\" content=\"Borgvardt Ure\" \/>\n<meta property=\"article:modified_time\" content=\"2026-01-26T20:26:48+00:00\" \/>\n<meta property=\"og:image\" content=\"https:\/\/borgvardt-ur.dk\/wp-content\/uploads\/DSC05668-2-1024x1536-1.jpg\" \/>\n\t<meta property=\"og:image:width\" content=\"1024\" \/>\n\t<meta property=\"og:image:height\" content=\"1536\" \/>\n\t<meta property=\"og:image:type\" content=\"image\/jpeg\" \/>\n<meta name=\"twitter:card\" content=\"summary_large_image\" \/>\n<meta name=\"twitter:label1\" content=\"Est. reading time\" \/>\n\t<meta name=\"twitter:data1\" content=\"3 minutes\" \/>\n<script type=\"application\/ld+json\" class=\"yoast-schema-graph\">{\"@context\":\"https:\\\/\\\/schema.org\",\"@graph\":[{\"@type\":\"WebPage\",\"@id\":\"https:\\\/\\\/borgvardt-ur.dk\\\/om-os\\\/\",\"url\":\"https:\\\/\\\/borgvardt-ur.dk\\\/om-os\\\/\",\"name\":\"Vores historie | Borgvardt Ure\",\"isPartOf\":{\"@id\":\"https:\\\/\\\/borgvardt-ur.dk\\\/#website\"},\"primaryImageOfPage\":{\"@id\":\"https:\\\/\\\/borgvardt-ur.dk\\\/om-os\\\/#primaryimage\"},\"image\":{\"@id\":\"https:\\\/\\\/borgvardt-ur.dk\\\/om-os\\\/#primaryimage\"},\"thumbnailUrl\":\"https:\\\/\\\/borgvardt-ur.dk\\\/wp-content\\\/uploads\\\/DSC05668-2-1024x1536-1-683x1024.jpg\",\"datePublished\":\"2023-09-14T07:33:08+00:00\",\"dateModified\":\"2026-01-26T20:26:48+00:00\",\"breadcrumb\":{\"@id\":\"https:\\\/\\\/borgvardt-ur.dk\\\/om-os\\\/#breadcrumb\"},\"inLanguage\":\"en-US\",\"potentialAction\":[{\"@type\":\"ReadAction\",\"target\":[\"https:\\\/\\\/borgvardt-ur.dk\\\/om-os\\\/\"]}]},{\"@type\":\"ImageObject\",\"inLanguage\":\"en-US\",\"@id\":\"https:\\\/\\\/borgvardt-ur.dk\\\/om-os\\\/#primaryimage\",\"url\":\"https:\\\/\\\/borgvardt-ur.dk\\\/wp-content\\\/uploads\\\/DSC05668-2-1024x1536-1-683x1024.jpg\",\"contentUrl\":\"https:\\\/\\\/borgvardt-ur.dk\\\/wp-content\\\/uploads\\\/DSC05668-2-1024x1536-1-683x1024.jpg\"},{\"@type\":\"BreadcrumbList\",\"@id\":\"https:\\\/\\\/borgvardt-ur.dk\\\/om-os\\\/#breadcrumb\",\"itemListElement\":[{\"@type\":\"ListItem\",\"position\":1,\"name\":\"Forside\",\"item\":\"https:\\\/\\\/borgvardt-ur.dk\\\/\"},{\"@type\":\"ListItem\",\"position\":2,\"name\":\"Vores historie\"}]},{\"@type\":\"WebSite\",\"@id\":\"https:\\\/\\\/borgvardt-ur.dk\\\/#website\",\"url\":\"https:\\\/\\\/borgvardt-ur.dk\\\/\",\"name\":\"Borgvardt Ure\",\"description\":\"\",\"publisher\":{\"@id\":\"https:\\\/\\\/borgvardt-ur.dk\\\/#organization\"},\"potentialAction\":[{\"@type\":\"SearchAction\",\"target\":{\"@type\":\"EntryPoint\",\"urlTemplate\":\"https:\\\/\\\/borgvardt-ur.dk\\\/?s={search_term_string}\"},\"query-input\":{\"@type\":\"PropertyValueSpecification\",\"valueRequired\":true,\"valueName\":\"search_term_string\"}}],\"inLanguage\":\"en-US\"},{\"@type\":\"Organization\",\"@id\":\"https:\\\/\\\/borgvardt-ur.dk\\\/#organization\",\"name\":\"Borgvardt Ure\",\"url\":\"https:\\\/\\\/borgvardt-ur.dk\\\/\",\"logo\":{\"@type\":\"ImageObject\",\"inLanguage\":\"en-US\",\"@id\":\"https:\\\/\\\/borgvardt-ur.dk\\\/#\\\/schema\\\/logo\\\/image\\\/\",\"url\":\"https:\\\/\\\/borgvardt-ur.dk\\\/wp-content\\\/uploads\\\/websted-logo.png\",\"contentUrl\":\"https:\\\/\\\/borgvardt-ur.dk\\\/wp-content\\\/uploads\\\/websted-logo.png\",\"width\":351,\"height\":101,\"caption\":\"Borgvardt Ure\"},\"image\":{\"@id\":\"https:\\\/\\\/borgvardt-ur.dk\\\/#\\\/schema\\\/logo\\\/image\\\/\"}}]}<\/script>\n<!-- \/ Yoast SEO plugin. -->","yoast_head_json":{"title":"Our history | Borgvardt Watches","robots":{"index":"index","follow":"follow","max-snippet":"max-snippet:-1","max-image-preview":"max-image-preview:large","max-video-preview":"max-video-preview:-1"},"canonical":"https:\/\/borgvardt-ur.dk\/en\/about-us\/","og_locale":"en_US","og_type":"article","og_title":"Vores historie | Borgvardt Ure","og_description":"Vores Historie Det hele startede med en dr\u00f8m om at skabe noget og min store passion for ure tog sin sp\u00e6de begyndelse, da jeg som helt ung opdagede mit fars arvede lommeur Min store passion for ure tog sin sp\u00e6de begyndelse, da jeg som ung opdagede mit fars arvede lommeur. Det l\u00e5 altid fremme p\u00e5 [&hellip;]","og_url":"https:\/\/borgvardt-ur.dk\/en\/about-us\/","og_site_name":"Borgvardt Ure","article_modified_time":"2026-01-26T20:26:48+00:00","og_image":[{"width":1024,"height":1536,"url":"https:\/\/borgvardt-ur.dk\/wp-content\/uploads\/DSC05668-2-1024x1536-1.jpg","type":"image\/jpeg"}],"twitter_card":"summary_large_image","twitter_misc":{"Est. reading time":"3 minutes"},"schema":{"@context":"https:\/\/schema.org","@graph":[{"@type":"WebPage","@id":"https:\/\/borgvardt-ur.dk\/om-os\/","url":"https:\/\/borgvardt-ur.dk\/om-os\/","name":"Our history | Borgvardt Watches","isPartOf":{"@id":"https:\/\/borgvardt-ur.dk\/#website"},"primaryImageOfPage":{"@id":"https:\/\/borgvardt-ur.dk\/om-os\/#primaryimage"},"image":{"@id":"https:\/\/borgvardt-ur.dk\/om-os\/#primaryimage"},"thumbnailUrl":"https:\/\/borgvardt-ur.dk\/wp-content\/uploads\/DSC05668-2-1024x1536-1-683x1024.jpg","datePublished":"2023-09-14T07:33:08+00:00","dateModified":"2026-01-26T20:26:48+00:00","breadcrumb":{"@id":"https:\/\/borgvardt-ur.dk\/om-os\/#breadcrumb"},"inLanguage":"en-US","potentialAction":[{"@type":"ReadAction","target":["https:\/\/borgvardt-ur.dk\/om-os\/"]}]},{"@type":"ImageObject","inLanguage":"en-US","@id":"https:\/\/borgvardt-ur.dk\/om-os\/#primaryimage","url":"https:\/\/borgvardt-ur.dk\/wp-content\/uploads\/DSC05668-2-1024x1536-1-683x1024.jpg","contentUrl":"https:\/\/borgvardt-ur.dk\/wp-content\/uploads\/DSC05668-2-1024x1536-1-683x1024.jpg"},{"@type":"BreadcrumbList","@id":"https:\/\/borgvardt-ur.dk\/om-os\/#breadcrumb","itemListElement":[{"@type":"ListItem","position":1,"name":"Forside","item":"https:\/\/borgvardt-ur.dk\/"},{"@type":"ListItem","position":2,"name":"Vores historie"}]},{"@type":"WebSite","@id":"https:\/\/borgvardt-ur.dk\/#website","url":"https:\/\/borgvardt-ur.dk\/","name":"Borgvardt Watches","description":"","publisher":{"@id":"https:\/\/borgvardt-ur.dk\/#organization"},"potentialAction":[{"@type":"SearchAction","target":{"@type":"EntryPoint","urlTemplate":"https:\/\/borgvardt-ur.dk\/?s={search_term_string}"},"query-input":{"@type":"PropertyValueSpecification","valueRequired":true,"valueName":"search_term_string"}}],"inLanguage":"en-US"},{"@type":"Organization","@id":"https:\/\/borgvardt-ur.dk\/#organization","name":"Borgvardt Watches","url":"https:\/\/borgvardt-ur.dk\/","logo":{"@type":"ImageObject","inLanguage":"en-US","@id":"https:\/\/borgvardt-ur.dk\/#\/schema\/logo\/image\/","url":"https:\/\/borgvardt-ur.dk\/wp-content\/uploads\/websted-logo.png","contentUrl":"https:\/\/borgvardt-ur.dk\/wp-content\/uploads\/websted-logo.png","width":351,"height":101,"caption":"Borgvardt Ure"},"image":{"@id":"https:\/\/borgvardt-ur.dk\/#\/schema\/logo\/image\/"}}]}},"_links":{"self":[{"href":"https:\/\/borgvardt-ur.dk\/en\/wp-json\/wp\/v2\/pages\/1973","targetHints":{"allow":["GET"]}}],"collection":[{"href":"https:\/\/borgvardt-ur.dk\/en\/wp-json\/wp\/v2\/pages"}],"about":[{"href":"https:\/\/borgvardt-ur.dk\/en\/wp-json\/wp\/v2\/types\/page"}],"author":[{"embeddable":true,"href":"https:\/\/borgvardt-ur.dk\/en\/wp-json\/wp\/v2\/users\/1"}],"replies":[{"embeddable":true,"href":"https:\/\/borgvardt-ur.dk\/en\/wp-json\/wp\/v2\/comments?post=1973"}],"version-history":[{"count":20,"href":"https:\/\/borgvardt-ur.dk\/en\/wp-json\/wp\/v2\/pages\/1973\/revisions"}],"predecessor-version":[{"id":6228,"href":"https:\/\/borgvardt-ur.dk\/en\/wp-json\/wp\/v2\/pages\/1973\/revisions\/6228"}],"wp:attachment":[{"href":"https:\/\/borgvardt-ur.dk\/en\/wp-json\/wp\/v2\/media?parent=1973"}],"curies":[{"name":"wp","href":"https:\/\/api.w.org\/{rel}","templated":true}]}}