{"id":372,"date":"2019-12-30T13:31:16","date_gmt":"2019-12-30T12:31:16","guid":{"rendered":"https:\/\/borgvardt-ur.dk\/?page_id=372"},"modified":"2025-11-14T10:51:52","modified_gmt":"2025-11-14T09:51:52","slug":"terms-and-conditions","status":"publish","type":"page","link":"https:\/\/borgvardt-ur.dk\/en\/handelsbetingelser\/","title":{"rendered":"Terms and conditions"},"content":{"rendered":"<div data-elementor-type=\"wp-page\" data-elementor-id=\"372\" class=\"elementor elementor-372\" data-elementor-post-type=\"page\">\n\t\t\t\t<div class=\"elementor-element elementor-element-2d7edff e-flex e-con-boxed e-con e-parent\" data-id=\"2d7edff\" data-element_type=\"container\" data-e-type=\"container\">\n\t\t\t\t\t<div class=\"e-con-inner\">\n\t\t\t\t<div class=\"elementor-element elementor-element-2262cb2 elementor-widget elementor-widget-heading\" data-id=\"2262cb2\" data-element_type=\"widget\" data-e-type=\"widget\" data-widget_type=\"heading.default\">\n\t\t\t\t<div class=\"elementor-widget-container\">\n\t\t\t\t\t<h1 class=\"elementor-heading-title elementor-size-default\">Terms and conditions<\/h1>\t\t\t\t<\/div>\n\t\t\t\t<\/div>\n\t\t<div class=\"elementor-element elementor-element-8b4cb6e e-con-full e-flex e-con e-child\" data-id=\"8b4cb6e\" data-element_type=\"container\" data-e-type=\"container\">\n\t\t\t\t<div class=\"elementor-element elementor-element-fce594c elementor-widget elementor-widget-heading\" data-id=\"fce594c\" data-element_type=\"widget\" data-e-type=\"widget\" data-widget_type=\"heading.default\">\n\t\t\t\t<div class=\"elementor-widget-container\">\n\t\t\t\t\t<h2 class=\"elementor-heading-title elementor-size-default\">Terms &amp; Conditions<\/h2>\t\t\t\t<\/div>\n\t\t\t\t<\/div>\n\t\t\t\t<div class=\"elementor-element elementor-element-b3ade7a elementor-widget elementor-widget-text-editor\" data-id=\"b3ade7a\" data-element_type=\"widget\" data-e-type=\"widget\" data-widget_type=\"text-editor.default\">\n\t\t\t\t<div class=\"elementor-widget-container\">\n\t\t\t\t\t\t\t\t\t<p>Welcome to Borgvardt. When you purchase products on our website, you accept our terms and conditions and are bound by the following terms and conditions. If you do not agree with our approach, please do not purchase from our website.<\/p>\n<p>Our CVR number is 36282142. When we mention products, we refer to the products shown on <a href=\"https:\/\/borgvardt-ur.dk\/en\/\">www.borgvardt-ur.dk<\/a><\/p>\t\t\t\t\t\t\t\t<\/div>\n\t\t\t\t<\/div>\n\t\t\t\t<\/div>\n\t\t<div class=\"elementor-element elementor-element-b5b9422 e-con-full e-flex e-con e-child\" data-id=\"b5b9422\" data-element_type=\"container\" data-e-type=\"container\">\n\t\t\t\t<div class=\"elementor-element elementor-element-e59fb99 elementor-widget elementor-widget-heading\" data-id=\"e59fb99\" data-element_type=\"widget\" data-e-type=\"widget\" data-widget_type=\"heading.default\">\n\t\t\t\t<div class=\"elementor-widget-container\">\n\t\t\t\t\t<h3 class=\"elementor-heading-title elementor-size-default\">Confirmation<\/h3>\t\t\t\t<\/div>\n\t\t\t\t<\/div>\n\t\t\t\t<div class=\"elementor-element elementor-element-51d1ae0 elementor-widget elementor-widget-text-editor\" data-id=\"51d1ae0\" data-element_type=\"widget\" data-e-type=\"widget\" data-widget_type=\"text-editor.default\">\n\t\t\t\t<div class=\"elementor-widget-container\">\n\t\t\t\t\t\t\t\t\t<p>Once we have received your order, we will automatically send you a confirmation to your email address. This confirms your purchase and cannot be canceled. It is important that you enter a correct email address when placing an order with us. Your order confirmation\/receipt is also your warranty for the purchase and is valid for two years.<\/p>\t\t\t\t\t\t\t\t<\/div>\n\t\t\t\t<\/div>\n\t\t\t\t<\/div>\n\t\t<div class=\"elementor-element elementor-element-8af631a e-con-full e-flex e-con e-child\" data-id=\"8af631a\" data-element_type=\"container\" data-e-type=\"container\">\n\t\t\t\t<div class=\"elementor-element elementor-element-9a84c84 elementor-widget elementor-widget-heading\" data-id=\"9a84c84\" data-element_type=\"widget\" data-e-type=\"widget\" data-widget_type=\"heading.default\">\n\t\t\t\t<div class=\"elementor-widget-container\">\n\t\t\t\t\t<h3 class=\"elementor-heading-title elementor-size-default\">Payment<\/h3>\t\t\t\t<\/div>\n\t\t\t\t<\/div>\n\t\t\t\t<div class=\"elementor-element elementor-element-e67059e elementor-widget elementor-widget-text-editor\" data-id=\"e67059e\" data-element_type=\"widget\" data-e-type=\"widget\" data-widget_type=\"text-editor.default\">\n\t\t\t\t<div class=\"elementor-widget-container\">\n\t\t\t\t\t\t\t\t\t<p>You can pay with a credit or debit card. Borgvardt does not store your card details.<\/p>\t\t\t\t\t\t\t\t<\/div>\n\t\t\t\t<\/div>\n\t\t\t\t<\/div>\n\t\t<div class=\"elementor-element elementor-element-0c879f6 e-con-full e-flex e-con e-child\" data-id=\"0c879f6\" data-element_type=\"container\" data-e-type=\"container\">\n\t\t\t\t<div class=\"elementor-element elementor-element-c1f341f elementor-widget elementor-widget-heading\" data-id=\"c1f341f\" data-element_type=\"widget\" data-e-type=\"widget\" data-widget_type=\"heading.default\">\n\t\t\t\t<div class=\"elementor-widget-container\">\n\t\t\t\t\t<h3 class=\"elementor-heading-title elementor-size-default\">Payment by card<\/h3>\t\t\t\t<\/div>\n\t\t\t\t<\/div>\n\t\t\t\t<div class=\"elementor-element elementor-element-9f6f14a elementor-widget elementor-widget-text-editor\" data-id=\"9f6f14a\" data-element_type=\"widget\" data-e-type=\"widget\" data-widget_type=\"text-editor.default\">\n\t\t\t\t<div class=\"elementor-widget-container\">\n\t\t\t\t\t\t\t\t\t<p>Pay with your Mastercard, VISA, or Dankort. Your payments will be handled securely with encryption under high standards set by the banks. Your card details will be sent directly to the bank and cannot be read by anyone other than the bank. Borgvardt does not charge any additional fees for card payments, however, your own bank may charge a fee for using different cards, for which we are not responsible. When you enter your card details in our checkout, it is a good idea to approve the purchase as soon as possible. In the event that we have not received any payments, we will automatically cancel your order.<\/p>\t\t\t\t\t\t\t\t<\/div>\n\t\t\t\t<\/div>\n\t\t\t\t<\/div>\n\t\t<div class=\"elementor-element elementor-element-608d03d e-con-full e-flex e-con e-child\" data-id=\"608d03d\" data-element_type=\"container\" data-e-type=\"container\">\n\t\t\t\t<div class=\"elementor-element elementor-element-0e3f077 elementor-widget elementor-widget-heading\" data-id=\"0e3f077\" data-element_type=\"widget\" data-e-type=\"widget\" data-widget_type=\"heading.default\">\n\t\t\t\t<div class=\"elementor-widget-container\">\n\t\t\t\t\t<h3 class=\"elementor-heading-title elementor-size-default\">Discount coupon<\/h3>\t\t\t\t<\/div>\n\t\t\t\t<\/div>\n\t\t\t\t<div class=\"elementor-element elementor-element-4de8884 elementor-widget elementor-widget-text-editor\" data-id=\"4de8884\" data-element_type=\"widget\" data-e-type=\"widget\" data-widget_type=\"text-editor.default\">\n\t\t\t\t<div class=\"elementor-widget-container\">\n\t\t\t\t\t\t\t\t\t<p>The discount code must be entered during checkout in order for it to be valid. The code is only valid when entered before payment and cannot be used afterwards.<\/p>\t\t\t\t\t\t\t\t<\/div>\n\t\t\t\t<\/div>\n\t\t\t\t<\/div>\n\t\t<div class=\"elementor-element elementor-element-515e8da e-con-full e-flex e-con e-child\" data-id=\"515e8da\" data-element_type=\"container\" data-e-type=\"container\">\n\t\t\t\t<div class=\"elementor-element elementor-element-e30a39d elementor-widget elementor-widget-heading\" data-id=\"e30a39d\" data-element_type=\"widget\" data-e-type=\"widget\" data-widget_type=\"heading.default\">\n\t\t\t\t<div class=\"elementor-widget-container\">\n\t\t\t\t\t<h3 class=\"elementor-heading-title elementor-size-default\">VAT &amp; tax<\/h3>\t\t\t\t<\/div>\n\t\t\t\t<\/div>\n\t\t\t\t<div class=\"elementor-element elementor-element-42e663e elementor-widget elementor-widget-text-editor\" data-id=\"42e663e\" data-element_type=\"widget\" data-e-type=\"widget\" data-widget_type=\"text-editor.default\">\n\t\t\t\t<div class=\"elementor-widget-container\">\n\t\t\t\t\t\t\t\t\t<p>All prices shown on Borgvardt, www.borgvardt-ur.dk include VAT in accordance with the Danish tax system. If you wish to purchase a product from our website and you reside outside the EU, please send us an email so that we can create a manual order without VAT.<\/p>\n<p>Please note that customs duties and taxes will likely apply if you live outside the EU. As a consumer, you are responsible for paying any import duties and taxes that may apply, depending on the rules and laws of your country. We recommend that you contact your local tax authority for further information.<\/p>\t\t\t\t\t\t\t\t<\/div>\n\t\t\t\t<\/div>\n\t\t\t\t<\/div>\n\t\t<div class=\"elementor-element elementor-element-e5ff791 e-con-full e-flex e-con e-child\" data-id=\"e5ff791\" data-element_type=\"container\" data-e-type=\"container\">\n\t\t\t\t<div class=\"elementor-element elementor-element-14064fa elementor-widget elementor-widget-heading\" data-id=\"14064fa\" data-element_type=\"widget\" data-e-type=\"widget\" data-widget_type=\"heading.default\">\n\t\t\t\t<div class=\"elementor-widget-container\">\n\t\t\t\t\t<h3 class=\"elementor-heading-title elementor-size-default\">Order<\/h3>\t\t\t\t<\/div>\n\t\t\t\t<\/div>\n\t\t\t\t<div class=\"elementor-element elementor-element-b687768 elementor-widget elementor-widget-text-editor\" data-id=\"b687768\" data-element_type=\"widget\" data-e-type=\"widget\" data-widget_type=\"text-editor.default\">\n\t\t\t\t<div class=\"elementor-widget-container\">\n\t\t\t\t\t\t\t\t\t<p>Orders placed in another person's name without their consent will be reported to the police. Borgvardt reserves the right to change prices and correct incorrect prices on all orders, even after they have been entered. This means that if a price is incorrect, Borgvardt reserves the right to cancel the purchase and refund any amounts paid in the best possible way.<\/p>\n<p>Customers have the right to return all orders within 14 days of receipt. Please refer to our Delivery &amp; Returns section further down the page.<\/p>\t\t\t\t\t\t\t\t<\/div>\n\t\t\t\t<\/div>\n\t\t\t\t<\/div>\n\t\t<div class=\"elementor-element elementor-element-3677fbf e-con-full e-flex e-con e-child\" data-id=\"3677fbf\" data-element_type=\"container\" data-e-type=\"container\">\n\t\t\t\t<div class=\"elementor-element elementor-element-e60d1f7 elementor-widget elementor-widget-heading\" data-id=\"e60d1f7\" data-element_type=\"widget\" data-e-type=\"widget\" data-widget_type=\"heading.default\">\n\t\t\t\t<div class=\"elementor-widget-container\">\n\t\t\t\t\t<h3 class=\"elementor-heading-title elementor-size-default\">Warranty &amp; Complaints<\/h3>\t\t\t\t<\/div>\n\t\t\t\t<\/div>\n\t\t\t\t<div class=\"elementor-element elementor-element-27b3d7e elementor-widget elementor-widget-text-editor\" data-id=\"27b3d7e\" data-element_type=\"widget\" data-e-type=\"widget\" data-widget_type=\"text-editor.default\">\n\t\t\t\t<div class=\"elementor-widget-container\">\n\t\t\t\t\t\t\t\t\t<p>Warranty period: Two years from the date of purchase. This warranty covers defects resulting from flaws or errors in the manufacture of a product (movement, case, crystals). Parts other than those mentioned above are not covered by this warranty, as they are consumable items (leather strap). To have any defects or faults covered, please send us an email at Lennart@borgvardt-ur.dk or use our \u201ccontact form.\u201d Please specify your name, address, order number, and a detailed description of the problem. In the subject field, please write: Service: \u201cfollowed by your order number.\u201d.<\/p>\n<p>Please note that repairs\/replacements will be charged in the following cases, even if they are within the warranty period.<\/p>\n<p>Faults or damage caused by incorrect use or carelessness. (Impacts, dents, crushing, broken crystal, etc.)<br \/>Fault or damage caused by unauthorized repairs or modifications.<br \/>Fault or damage caused by fire or water, or other natural disasters, such as earthquakes.<br \/>Natural changes that occur during normal wear and tear (minor scratches, deterioration of leather on the watch strap).<br \/>If the receipt is not with the watch.<br \/>The watch, dial, hands, crystal, leather strap, or other parts of the watch may be replaced with similar parts if the original parts are discontinued or no longer available.<\/p>\n<p>This warranty guarantees that you can receive free replacement in accordance with the terms and conditions set forth herein and within the specified period, and shall not limit any legal rights of the customer.<\/p>\t\t\t\t\t\t\t\t<\/div>\n\t\t\t\t<\/div>\n\t\t\t\t<\/div>\n\t\t<div class=\"elementor-element elementor-element-bd353a1 e-con-full e-flex e-con e-child\" data-id=\"bd353a1\" data-element_type=\"container\" data-e-type=\"container\">\n\t\t\t\t<div class=\"elementor-element elementor-element-989b426 elementor-widget elementor-widget-heading\" data-id=\"989b426\" data-element_type=\"widget\" data-e-type=\"widget\" data-widget_type=\"heading.default\">\n\t\t\t\t<div class=\"elementor-widget-container\">\n\t\t\t\t\t<h3 class=\"elementor-heading-title elementor-size-default\">Personal information<\/h3>\t\t\t\t<\/div>\n\t\t\t\t<\/div>\n\t\t\t\t<div class=\"elementor-element elementor-element-ed01ad9 elementor-widget elementor-widget-text-editor\" data-id=\"ed01ad9\" data-element_type=\"widget\" data-e-type=\"widget\" data-widget_type=\"text-editor.default\">\n\t\t\t\t<div class=\"elementor-widget-container\">\n\t\t\t\t\t\t\t\t\t<p>When you shop at Borgvardt, we store your data in order to complete your order. We treat all your data confidentially and with care. If any errors occur, we can never change or delete the information you have entered. Borgvardt may also use cookies to optimize our website.<\/p>\t\t\t\t\t\t\t\t<\/div>\n\t\t\t\t<\/div>\n\t\t\t\t<\/div>\n\t\t<div class=\"elementor-element elementor-element-17d6ec3 e-con-full e-flex e-con e-child\" data-id=\"17d6ec3\" data-element_type=\"container\" data-e-type=\"container\">\n\t\t\t\t<div class=\"elementor-element elementor-element-b9b0c95 elementor-widget elementor-widget-heading\" data-id=\"b9b0c95\" data-element_type=\"widget\" data-e-type=\"widget\" data-widget_type=\"heading.default\">\n\t\t\t\t<div class=\"elementor-widget-container\">\n\t\t\t\t\t<h3 class=\"elementor-heading-title elementor-size-default\">Delivery &amp; Returns<\/h3>\t\t\t\t<\/div>\n\t\t\t\t<\/div>\n\t\t\t\t<div class=\"elementor-element elementor-element-fc3b96a elementor-widget elementor-widget-text-editor\" data-id=\"fc3b96a\" data-element_type=\"widget\" data-e-type=\"widget\" data-widget_type=\"text-editor.default\">\n\t\t\t\t<div class=\"elementor-widget-container\">\n\t\t\t\t\t\t\t\t\t<p>Borgvardt delivers throughout Europe. We work with reputable shipping companies to maintain the best possible service. As a buyer, you always have the right to return your purchased product. Please contact us by email or via our contact form within 14 days of receiving the product from Borgvardt.<\/p>\n<p>We offer a full refund of the purchase price, excluding delivery costs, within 14 days of receiving your Borgvardt. Send us an email and we will send you a return label that you can use to return the product. The return fee is up to DKK 150, which includes return shipping, handling, and inspection.<\/p>\n<p>If you, as a customer, believe that the shipment is delayed to such an extent that you no longer wish to complete the order, it is your responsibility to notify us. If your order is not delivered by the transport company, you are entitled to receive a similar product.<\/p>\t\t\t\t\t\t\t\t<\/div>\n\t\t\t\t<\/div>\n\t\t\t\t<\/div>\n\t\t<div class=\"elementor-element elementor-element-6358c37 e-con-full e-flex e-con e-child\" data-id=\"6358c37\" data-element_type=\"container\" data-e-type=\"container\">\n\t\t\t\t<div class=\"elementor-element elementor-element-d8fc05f elementor-widget elementor-widget-heading\" data-id=\"d8fc05f\" data-element_type=\"widget\" data-e-type=\"widget\" data-widget_type=\"heading.default\">\n\t\t\t\t<div class=\"elementor-widget-container\">\n\t\t\t\t\t<h3 class=\"elementor-heading-title elementor-size-default\">Complaints<\/h3>\t\t\t\t<\/div>\n\t\t\t\t<\/div>\n\t\t\t\t<div class=\"elementor-element elementor-element-6c47afa elementor-widget elementor-widget-text-editor\" data-id=\"6c47afa\" data-element_type=\"widget\" data-e-type=\"widget\" data-widget_type=\"text-editor.default\">\n\t\t\t\t<div class=\"elementor-widget-container\">\n\t\t\t\t\t\t\t\t\t<p>It is important that you, as a customer, carefully check your goods\/products when you receive an order to confirm that the product is not damaged. If your product is damaged during transport (whether visible or hidden), you must respond as soon as possible to the shipping company. If you receive a product that is damaged or not what you ordered, you must contact us as soon as possible, within 14 days.<\/p>\n<p>To have any defects or errors covered, please send us an email at Lennart@borgvardt-ur.dk or use our \u201ccontact form.\u201d Please specify your name, address, order number, and a detailed description of the problem. In the subject field, please write: Service: \u201cfollowed by your order number.\u201d.<\/p>\n<p>Last updated on 02-02-2024<\/p>\t\t\t\t\t\t\t\t<\/div>\n\t\t\t\t<\/div>\n\t\t\t\t<\/div>\n\t\t\t\t\t<\/div>\n\t\t\t\t<\/div>\n\t\t\t\t<\/div>","protected":false},"excerpt":{"rendered":"<p>Handelsbetingelser Vilk\u00e5r &amp; Betingelser Velkommen til Borgvardt. N\u00e5r du k\u00f8ber produkter p\u00e5 vores hjemmeside, acceptere du vores betingelser og er bundet af f\u00f8lgnede vilk\u00e5r &amp; betingelser. S\u00e5frem du ikke er enig i vores m\u00e5de at h\u00e5ndtere dette bedes du ikke k\u00f8be fra vores hjemmeside. Vores CVR er 36282142. N\u00e5r vi n\u00e6vner produkter refererer vi til [&hellip;]<\/p>\n","protected":false},"author":1,"featured_media":0,"parent":0,"menu_order":0,"comment_status":"closed","ping_status":"closed","template":"","meta":{"footnotes":""},"class_list":["post-372","page","type-page","status-publish","hentry"],"yoast_head":"<!-- This site is optimized with the Yoast SEO plugin v27.3 - https:\/\/yoast.com\/product\/yoast-seo-wordpress\/ -->\n<title>Handelsbetingelser | Borgvardt Ure<\/title>\n<meta name=\"robots\" content=\"index, follow, max-snippet:-1, max-image-preview:large, max-video-preview:-1\" \/>\n<link rel=\"canonical\" href=\"https:\/\/borgvardt-ur.dk\/en\/terms-and-conditions\/\" \/>\n<meta property=\"og:locale\" content=\"en_US\" \/>\n<meta property=\"og:type\" content=\"article\" \/>\n<meta property=\"og:title\" content=\"Handelsbetingelser | Borgvardt Ure\" \/>\n<meta property=\"og:description\" content=\"Handelsbetingelser Vilk\u00e5r &amp; Betingelser Velkommen til Borgvardt. N\u00e5r du k\u00f8ber produkter p\u00e5 vores hjemmeside, acceptere du vores betingelser og er bundet af f\u00f8lgnede vilk\u00e5r &amp; betingelser. S\u00e5frem du ikke er enig i vores m\u00e5de at h\u00e5ndtere dette bedes du ikke k\u00f8be fra vores hjemmeside. Vores CVR er 36282142. N\u00e5r vi n\u00e6vner produkter refererer vi til [&hellip;]\" \/>\n<meta property=\"og:url\" content=\"https:\/\/borgvardt-ur.dk\/en\/terms-and-conditions\/\" \/>\n<meta property=\"og:site_name\" content=\"Borgvardt Ure\" \/>\n<meta property=\"article:modified_time\" content=\"2025-11-14T09:51:52+00:00\" \/>\n<meta name=\"twitter:card\" content=\"summary_large_image\" \/>\n<meta name=\"twitter:label1\" content=\"Est. reading time\" \/>\n\t<meta name=\"twitter:data1\" content=\"6 minutes\" \/>\n<script type=\"application\/ld+json\" class=\"yoast-schema-graph\">{\"@context\":\"https:\\\/\\\/schema.org\",\"@graph\":[{\"@type\":\"WebPage\",\"@id\":\"https:\\\/\\\/borgvardt-ur.dk\\\/handelsbetingelser\\\/\",\"url\":\"https:\\\/\\\/borgvardt-ur.dk\\\/handelsbetingelser\\\/\",\"name\":\"Handelsbetingelser | Borgvardt Ure\",\"isPartOf\":{\"@id\":\"https:\\\/\\\/borgvardt-ur.dk\\\/#website\"},\"datePublished\":\"2019-12-30T12:31:16+00:00\",\"dateModified\":\"2025-11-14T09:51:52+00:00\",\"breadcrumb\":{\"@id\":\"https:\\\/\\\/borgvardt-ur.dk\\\/handelsbetingelser\\\/#breadcrumb\"},\"inLanguage\":\"en-US\",\"potentialAction\":[{\"@type\":\"ReadAction\",\"target\":[\"https:\\\/\\\/borgvardt-ur.dk\\\/handelsbetingelser\\\/\"]}]},{\"@type\":\"BreadcrumbList\",\"@id\":\"https:\\\/\\\/borgvardt-ur.dk\\\/handelsbetingelser\\\/#breadcrumb\",\"itemListElement\":[{\"@type\":\"ListItem\",\"position\":1,\"name\":\"Forside\",\"item\":\"https:\\\/\\\/borgvardt-ur.dk\\\/\"},{\"@type\":\"ListItem\",\"position\":2,\"name\":\"Handelsbetingelser\"}]},{\"@type\":\"WebSite\",\"@id\":\"https:\\\/\\\/borgvardt-ur.dk\\\/#website\",\"url\":\"https:\\\/\\\/borgvardt-ur.dk\\\/\",\"name\":\"Borgvardt Ure\",\"description\":\"\",\"publisher\":{\"@id\":\"https:\\\/\\\/borgvardt-ur.dk\\\/#organization\"},\"potentialAction\":[{\"@type\":\"SearchAction\",\"target\":{\"@type\":\"EntryPoint\",\"urlTemplate\":\"https:\\\/\\\/borgvardt-ur.dk\\\/?s={search_term_string}\"},\"query-input\":{\"@type\":\"PropertyValueSpecification\",\"valueRequired\":true,\"valueName\":\"search_term_string\"}}],\"inLanguage\":\"en-US\"},{\"@type\":\"Organization\",\"@id\":\"https:\\\/\\\/borgvardt-ur.dk\\\/#organization\",\"name\":\"Borgvardt Ure\",\"url\":\"https:\\\/\\\/borgvardt-ur.dk\\\/\",\"logo\":{\"@type\":\"ImageObject\",\"inLanguage\":\"en-US\",\"@id\":\"https:\\\/\\\/borgvardt-ur.dk\\\/#\\\/schema\\\/logo\\\/image\\\/\",\"url\":\"https:\\\/\\\/borgvardt-ur.dk\\\/wp-content\\\/uploads\\\/websted-logo.png\",\"contentUrl\":\"https:\\\/\\\/borgvardt-ur.dk\\\/wp-content\\\/uploads\\\/websted-logo.png\",\"width\":351,\"height\":101,\"caption\":\"Borgvardt Ure\"},\"image\":{\"@id\":\"https:\\\/\\\/borgvardt-ur.dk\\\/#\\\/schema\\\/logo\\\/image\\\/\"}}]}<\/script>\n<!-- \/ Yoast SEO plugin. -->","yoast_head_json":{"title":"Terms and Conditions | Borgvardt Watches","robots":{"index":"index","follow":"follow","max-snippet":"max-snippet:-1","max-image-preview":"max-image-preview:large","max-video-preview":"max-video-preview:-1"},"canonical":"https:\/\/borgvardt-ur.dk\/en\/terms-and-conditions\/","og_locale":"en_US","og_type":"article","og_title":"Handelsbetingelser | Borgvardt Ure","og_description":"Handelsbetingelser Vilk\u00e5r &amp; Betingelser Velkommen til Borgvardt. N\u00e5r du k\u00f8ber produkter p\u00e5 vores hjemmeside, acceptere du vores betingelser og er bundet af f\u00f8lgnede vilk\u00e5r &amp; betingelser. S\u00e5frem du ikke er enig i vores m\u00e5de at h\u00e5ndtere dette bedes du ikke k\u00f8be fra vores hjemmeside. Vores CVR er 36282142. N\u00e5r vi n\u00e6vner produkter refererer vi til [&hellip;]","og_url":"https:\/\/borgvardt-ur.dk\/en\/terms-and-conditions\/","og_site_name":"Borgvardt Ure","article_modified_time":"2025-11-14T09:51:52+00:00","twitter_card":"summary_large_image","twitter_misc":{"Est. reading time":"6 minutes"},"schema":{"@context":"https:\/\/schema.org","@graph":[{"@type":"WebPage","@id":"https:\/\/borgvardt-ur.dk\/handelsbetingelser\/","url":"https:\/\/borgvardt-ur.dk\/handelsbetingelser\/","name":"Terms and Conditions | Borgvardt Watches","isPartOf":{"@id":"https:\/\/borgvardt-ur.dk\/#website"},"datePublished":"2019-12-30T12:31:16+00:00","dateModified":"2025-11-14T09:51:52+00:00","breadcrumb":{"@id":"https:\/\/borgvardt-ur.dk\/handelsbetingelser\/#breadcrumb"},"inLanguage":"en-US","potentialAction":[{"@type":"ReadAction","target":["https:\/\/borgvardt-ur.dk\/handelsbetingelser\/"]}]},{"@type":"BreadcrumbList","@id":"https:\/\/borgvardt-ur.dk\/handelsbetingelser\/#breadcrumb","itemListElement":[{"@type":"ListItem","position":1,"name":"Forside","item":"https:\/\/borgvardt-ur.dk\/"},{"@type":"ListItem","position":2,"name":"Handelsbetingelser"}]},{"@type":"WebSite","@id":"https:\/\/borgvardt-ur.dk\/#website","url":"https:\/\/borgvardt-ur.dk\/","name":"Borgvardt Watches","description":"","publisher":{"@id":"https:\/\/borgvardt-ur.dk\/#organization"},"potentialAction":[{"@type":"SearchAction","target":{"@type":"EntryPoint","urlTemplate":"https:\/\/borgvardt-ur.dk\/?s={search_term_string}"},"query-input":{"@type":"PropertyValueSpecification","valueRequired":true,"valueName":"search_term_string"}}],"inLanguage":"en-US"},{"@type":"Organization","@id":"https:\/\/borgvardt-ur.dk\/#organization","name":"Borgvardt Watches","url":"https:\/\/borgvardt-ur.dk\/","logo":{"@type":"ImageObject","inLanguage":"en-US","@id":"https:\/\/borgvardt-ur.dk\/#\/schema\/logo\/image\/","url":"https:\/\/borgvardt-ur.dk\/wp-content\/uploads\/websted-logo.png","contentUrl":"https:\/\/borgvardt-ur.dk\/wp-content\/uploads\/websted-logo.png","width":351,"height":101,"caption":"Borgvardt Ure"},"image":{"@id":"https:\/\/borgvardt-ur.dk\/#\/schema\/logo\/image\/"}}]}},"_links":{"self":[{"href":"https:\/\/borgvardt-ur.dk\/en\/wp-json\/wp\/v2\/pages\/372","targetHints":{"allow":["GET"]}}],"collection":[{"href":"https:\/\/borgvardt-ur.dk\/en\/wp-json\/wp\/v2\/pages"}],"about":[{"href":"https:\/\/borgvardt-ur.dk\/en\/wp-json\/wp\/v2\/types\/page"}],"author":[{"embeddable":true,"href":"https:\/\/borgvardt-ur.dk\/en\/wp-json\/wp\/v2\/users\/1"}],"replies":[{"embeddable":true,"href":"https:\/\/borgvardt-ur.dk\/en\/wp-json\/wp\/v2\/comments?post=372"}],"version-history":[{"count":13,"href":"https:\/\/borgvardt-ur.dk\/en\/wp-json\/wp\/v2\/pages\/372\/revisions"}],"predecessor-version":[{"id":5774,"href":"https:\/\/borgvardt-ur.dk\/en\/wp-json\/wp\/v2\/pages\/372\/revisions\/5774"}],"wp:attachment":[{"href":"https:\/\/borgvardt-ur.dk\/en\/wp-json\/wp\/v2\/media?parent=372"}],"curies":[{"name":"wp","href":"https:\/\/api.w.org\/{rel}","templated":true}]}}