{"id":43,"date":"2019-03-05T13:15:36","date_gmt":"2019-03-05T12:15:36","guid":{"rendered":"https:\/\/borgvardt-ur.dk\/?page_id=43"},"modified":"2026-01-22T21:35:07","modified_gmt":"2026-01-22T20:35:07","slug":"contact-us","status":"publish","type":"page","link":"https:\/\/borgvardt-ur.dk\/en\/kontakt-os\/","title":{"rendered":"Contact"},"content":{"rendered":"\t\t<div data-elementor-type=\"wp-post\" data-elementor-id=\"43\" class=\"elementor elementor-43\" data-elementor-post-type=\"page\">\n\t\t\t\t<div class=\"elementor-element elementor-element-bb35c63 e-flex e-con-boxed e-con e-parent\" data-id=\"bb35c63\" data-element_type=\"container\" data-e-type=\"container\">\n\t\t\t\t\t<div class=\"e-con-inner\">\n\t\t<div class=\"elementor-element elementor-element-d997a16 e-con-full e-flex e-con e-child\" data-id=\"d997a16\" data-element_type=\"container\" data-e-type=\"container\" data-settings=\"{&quot;background_background&quot;:&quot;classic&quot;}\">\n\t\t\t\t<\/div>\n\t\t<div class=\"elementor-element elementor-element-73d3862 e-con-full e-flex e-con e-child\" data-id=\"73d3862\" data-element_type=\"container\" data-e-type=\"container\">\n\t\t<div class=\"elementor-element elementor-element-2ae4050 e-con-full e-flex e-con e-child\" data-id=\"2ae4050\" data-element_type=\"container\" data-e-type=\"container\">\n\t\t\t\t<div class=\"elementor-element elementor-element-381664c elementor-widget elementor-widget-text-editor\" data-id=\"381664c\" data-element_type=\"widget\" data-e-type=\"widget\" data-widget_type=\"text-editor.default\">\n\t\t\t\t<div class=\"elementor-widget-container\">\n\t\t\t\t\t\t\t\t\t<p>F\u00e5 hj\u00e6lp<\/p>\t\t\t\t\t\t\t\t<\/div>\n\t\t\t\t<\/div>\n\t\t\t\t<div class=\"elementor-element elementor-element-81dff52 elementor-widget elementor-widget-heading\" data-id=\"81dff52\" data-element_type=\"widget\" data-e-type=\"widget\" data-widget_type=\"heading.default\">\n\t\t\t\t<div class=\"elementor-widget-container\">\n\t\t\t\t\t<h1 class=\"elementor-heading-title elementor-size-default\">Kontakt os<\/h1>\t\t\t\t<\/div>\n\t\t\t\t<\/div>\n\t\t\t\t<div class=\"elementor-element elementor-element-1ba36d4 elementor-widget elementor-widget-text-editor\" data-id=\"1ba36d4\" data-element_type=\"widget\" data-e-type=\"widget\" data-widget_type=\"text-editor.default\">\n\t\t\t\t<div class=\"elementor-widget-container\">\n\t\t\t\t\t\t\t\t\t<p>Mit navn er Lennart og jeg vil se frem til at h\u00f8re fra dig. Du kan benytte dig af konktakt formularen eller kontakte mig over telefonen.<\/p>\t\t\t\t\t\t\t\t<\/div>\n\t\t\t\t<\/div>\n\t\t\t\t<\/div>\n\t\t\t\t<div class=\"elementor-element elementor-element-24fcc98 elementor-icon-list--layout-traditional elementor-list-item-link-full_width elementor-widget elementor-widget-icon-list\" data-id=\"24fcc98\" data-element_type=\"widget\" data-e-type=\"widget\" data-widget_type=\"icon-list.default\">\n\t\t\t\t<div class=\"elementor-widget-container\">\n\t\t\t\t\t\t\t<ul class=\"elementor-icon-list-items\">\n\t\t\t\t\t\t\t<li class=\"elementor-icon-list-item\">\n\t\t\t\t\t\t\t\t\t\t\t<a href=\"mailto:Lennart@borgvardt-ur.dk\">\n\n\t\t\t\t\t\t\t\t\t\t\t<span class=\"elementor-icon-list-text\">Mail: Lennart@borgvardt-ur.dk<\/span>\n\t\t\t\t\t\t\t\t\t\t\t<\/a>\n\t\t\t\t\t\t\t\t\t<\/li>\n\t\t\t\t\t\t\t\t<li class=\"elementor-icon-list-item\">\n\t\t\t\t\t\t\t\t\t\t\t<a href=\"tel:+4541592227\">\n\n\t\t\t\t\t\t\t\t\t\t\t<span class=\"elementor-icon-list-text\">Telefon: +45 4159 2227<\/span>\n\t\t\t\t\t\t\t\t\t\t\t<\/a>\n\t\t\t\t\t\t\t\t\t<\/li>\n\t\t\t\t\t\t<\/ul>\n\t\t\t\t\t\t<\/div>\n\t\t\t\t<\/div>\n\t\t\t\t<div class=\"elementor-element elementor-element-2a6ea4d elementor-button-align-start elementor-widget elementor-widget-form\" data-id=\"2a6ea4d\" data-element_type=\"widget\" data-e-type=\"widget\" data-settings=\"{&quot;step_next_label&quot;:&quot;N\\u00e6ste&quot;,&quot;step_previous_label&quot;:&quot;Tidligere&quot;,&quot;button_width&quot;:&quot;100&quot;,&quot;step_type&quot;:&quot;number_text&quot;,&quot;step_icon_shape&quot;:&quot;circle&quot;}\" data-widget_type=\"form.default\">\n\t\t\t\t<div class=\"elementor-widget-container\">\n\t\t\t\t\t\t\t<form class=\"elementor-form\" method=\"post\" name=\"Ny formular\" aria-label=\"Ny formular\">\n\t\t\t<input type=\"hidden\" name=\"post_id\" value=\"43\"\/>\n\t\t\t<input type=\"hidden\" name=\"form_id\" value=\"2a6ea4d\"\/>\n\t\t\t<input type=\"hidden\" name=\"referer_title\" value=\"Borgvardt Ure\" \/>\n\n\t\t\t\n\t\t\t<div class=\"elementor-form-fields-wrapper elementor-labels-above\">\n\t\t\t\t\t\t\t\t<div class=\"elementor-field-type-text elementor-field-group elementor-column elementor-field-group-navn elementor-col-100 elementor-field-required elementor-mark-required\">\n\t\t\t\t\t\t\t\t\t\t\t\t<label for=\"form-field-navn\" class=\"elementor-field-label\">\n\t\t\t\t\t\t\t\tNavn\t\t\t\t\t\t\t<\/label>\n\t\t\t\t\t\t\t\t\t\t\t\t\t\t<input size=\"1\" type=\"text\" name=\"form_fields[navn]\" id=\"form-field-navn\" class=\"elementor-field elementor-size-sm  elementor-field-textual\" placeholder=\"Dit navn\" required=\"required\">\n\t\t\t\t\t\t\t\t\t\t\t<\/div>\n\t\t\t\t\t\t\t\t<div class=\"elementor-field-type-email elementor-field-group elementor-column elementor-field-group-email elementor-col-50 elementor-sm-50 elementor-field-required elementor-mark-required\">\n\t\t\t\t\t\t\t\t\t\t\t\t<label for=\"form-field-email\" class=\"elementor-field-label\">\n\t\t\t\t\t\t\t\tEmail\t\t\t\t\t\t\t<\/label>\n\t\t\t\t\t\t\t\t\t\t\t\t\t\t<input size=\"1\" type=\"email\" name=\"form_fields[email]\" id=\"form-field-email\" class=\"elementor-field elementor-size-sm  elementor-field-textual\" placeholder=\"Din email\" required=\"required\">\n\t\t\t\t\t\t\t\t\t\t\t<\/div>\n\t\t\t\t\t\t\t\t<div class=\"elementor-field-type-tel elementor-field-group elementor-column elementor-field-group-telefonnummer elementor-col-50 elementor-sm-50\">\n\t\t\t\t\t\t\t\t\t\t\t\t<label for=\"form-field-telefonnummer\" class=\"elementor-field-label\">\n\t\t\t\t\t\t\t\tTelefon\t\t\t\t\t\t\t<\/label>\n\t\t\t\t\t\t\t\t<input size=\"1\" type=\"tel\" name=\"form_fields[telefonnummer]\" id=\"form-field-telefonnummer\" class=\"elementor-field elementor-size-sm  elementor-field-textual\" placeholder=\"Dit nummer\" pattern=\"[0-9()#&amp;+*-=.]+\" title=\"Only numbers and phone characters (#, -, *, etc) are accepted.\">\n\n\t\t\t\t\t\t<\/div>\n\t\t\t\t\t\t\t\t<div class=\"elementor-field-type-textarea elementor-field-group elementor-column elementor-field-group-message elementor-col-100 elementor-field-required elementor-mark-required\">\n\t\t\t\t\t\t\t\t\t\t\t\t<label for=\"form-field-message\" class=\"elementor-field-label\">\n\t\t\t\t\t\t\t\tBesked\t\t\t\t\t\t\t<\/label>\n\t\t\t\t\t\t<textarea class=\"elementor-field-textual elementor-field  elementor-size-sm\" name=\"form_fields[message]\" id=\"form-field-message\" rows=\"4\" placeholder=\"Din besked...\" required=\"required\"><\/textarea>\t\t\t\t<\/div>\n\t\t\t\t\t\t\t\t<div class=\"elementor-field-type-acceptance elementor-field-group elementor-column elementor-field-group-field_e79ad69 elementor-col-100 elementor-field-required elementor-mark-required\">\n\t\t\t\t\t\t\t\t\t\t\t\t<label for=\"form-field-field_e79ad69\" class=\"elementor-field-label\">\n\t\t\t\t\t\t\t\tSamtykke\t\t\t\t\t\t\t<\/label>\n\t\t\t\t\t\t\t\t<div class=\"elementor-field-subgroup\">\n\t\t\t<span class=\"elementor-field-option\">\n\t\t\t\t<input type=\"checkbox\" name=\"form_fields[field_e79ad69]\" id=\"form-field-field_e79ad69\" class=\"elementor-field elementor-size-sm  elementor-acceptance-field\" required=\"required\">\n\t\t\t\t<label for=\"form-field-field_e79ad69\">Jeg giver samtykke til, at borgvardt-ur.dk m\u00e5 bruge mine oplysninger til at kontakte mig.<\/label>\t\t\t<\/span>\n\t\t<\/div>\n\t\t\t\t\t\t<\/div>\n\t\t\t\t\t\t\t\t<div class=\"elementor-field-group elementor-column elementor-field-type-submit elementor-col-100 e-form__buttons\">\n\t\t\t\t\t<button class=\"elementor-button elementor-size-sm\" type=\"submit\">\n\t\t\t\t\t\t<span class=\"elementor-button-content-wrapper\">\n\t\t\t\t\t\t\t\t\t\t\t\t\t\t\t\t\t\t\t\t\t\t<span class=\"elementor-button-text\">Send<\/span>\n\t\t\t\t\t\t\t\t\t\t\t\t\t<\/span>\n\t\t\t\t\t<\/button>\n\t\t\t\t<\/div>\n\t\t\t<\/div>\n\t\t<input\n                    class=\"apbct_special_field apbct_email_id__elementor_form\"\n                    name=\"apbct__email_id__elementor_form\"\n                    aria-label=\"apbct__label_id__elementor_form\"\n                    type=\"text\" size=\"30\" maxlength=\"200\" autocomplete=\"off\"\n                    value=\"\"\n                \/><\/form>\n\t\t\t\t\t\t<\/div>\n\t\t\t\t<\/div>\n\t\t\t\t<\/div>\n\t\t\t\t\t<\/div>\n\t\t\t\t<\/div>\n\t\t\t\t<\/div>\n\t\t","protected":false},"excerpt":{"rendered":"<p>Get help Contact us My name is Lennart and I look forward to hearing from you. You can use the contact form or contact me by phone. Email: Lennart@borgvardt-ur.dk Phone: +45 4159 2227<\/p>","protected":false},"author":1,"featured_media":0,"parent":0,"menu_order":0,"comment_status":"closed","ping_status":"closed","template":"","meta":{"footnotes":""},"class_list":["post-43","page","type-page","status-publish","hentry"],"yoast_head":"<!-- This site is optimized with the Yoast SEO plugin v27.3 - https:\/\/yoast.com\/product\/yoast-seo-wordpress\/ -->\n<title>Kontakt | Borgvardt Ure<\/title>\n<meta name=\"robots\" content=\"index, follow, max-snippet:-1, max-image-preview:large, max-video-preview:-1\" \/>\n<link rel=\"canonical\" href=\"https:\/\/borgvardt-ur.dk\/en\/contact-us\/\" \/>\n<meta property=\"og:locale\" content=\"en_US\" \/>\n<meta property=\"og:type\" content=\"article\" \/>\n<meta property=\"og:title\" content=\"Kontakt | Borgvardt Ure\" \/>\n<meta property=\"og:description\" content=\"F\u00e5 hj\u00e6lp Kontakt os Mit navn er Lennart og jeg vil se frem til at h\u00f8re fra dig. Du kan benytte dig af konktakt formularen eller kontakte mig over telefonen. Mail: Lennart@borgvardt-ur.dk Telefon: +45 4159 2227\" \/>\n<meta property=\"og:url\" content=\"https:\/\/borgvardt-ur.dk\/en\/contact-us\/\" \/>\n<meta property=\"og:site_name\" content=\"Borgvardt Ure\" \/>\n<meta property=\"article:modified_time\" content=\"2026-01-22T20:35:07+00:00\" \/>\n<meta name=\"twitter:card\" content=\"summary_large_image\" \/>\n<meta name=\"twitter:label1\" content=\"Est. reading time\" \/>\n\t<meta name=\"twitter:data1\" content=\"1 minute\" \/>\n<script type=\"application\/ld+json\" class=\"yoast-schema-graph\">{\"@context\":\"https:\\\/\\\/schema.org\",\"@graph\":[{\"@type\":\"WebPage\",\"@id\":\"https:\\\/\\\/borgvardt-ur.dk\\\/kontakt-os\\\/\",\"url\":\"https:\\\/\\\/borgvardt-ur.dk\\\/kontakt-os\\\/\",\"name\":\"Kontakt | Borgvardt Ure\",\"isPartOf\":{\"@id\":\"https:\\\/\\\/borgvardt-ur.dk\\\/#website\"},\"datePublished\":\"2019-03-05T12:15:36+00:00\",\"dateModified\":\"2026-01-22T20:35:07+00:00\",\"breadcrumb\":{\"@id\":\"https:\\\/\\\/borgvardt-ur.dk\\\/kontakt-os\\\/#breadcrumb\"},\"inLanguage\":\"en-US\",\"potentialAction\":[{\"@type\":\"ReadAction\",\"target\":[\"https:\\\/\\\/borgvardt-ur.dk\\\/kontakt-os\\\/\"]}]},{\"@type\":\"BreadcrumbList\",\"@id\":\"https:\\\/\\\/borgvardt-ur.dk\\\/kontakt-os\\\/#breadcrumb\",\"itemListElement\":[{\"@type\":\"ListItem\",\"position\":1,\"name\":\"Forside\",\"item\":\"https:\\\/\\\/borgvardt-ur.dk\\\/\"},{\"@type\":\"ListItem\",\"position\":2,\"name\":\"Kontakt\"}]},{\"@type\":\"WebSite\",\"@id\":\"https:\\\/\\\/borgvardt-ur.dk\\\/#website\",\"url\":\"https:\\\/\\\/borgvardt-ur.dk\\\/\",\"name\":\"Borgvardt Ure\",\"description\":\"\",\"publisher\":{\"@id\":\"https:\\\/\\\/borgvardt-ur.dk\\\/#organization\"},\"potentialAction\":[{\"@type\":\"SearchAction\",\"target\":{\"@type\":\"EntryPoint\",\"urlTemplate\":\"https:\\\/\\\/borgvardt-ur.dk\\\/?s={search_term_string}\"},\"query-input\":{\"@type\":\"PropertyValueSpecification\",\"valueRequired\":true,\"valueName\":\"search_term_string\"}}],\"inLanguage\":\"en-US\"},{\"@type\":\"Organization\",\"@id\":\"https:\\\/\\\/borgvardt-ur.dk\\\/#organization\",\"name\":\"Borgvardt Ure\",\"url\":\"https:\\\/\\\/borgvardt-ur.dk\\\/\",\"logo\":{\"@type\":\"ImageObject\",\"inLanguage\":\"en-US\",\"@id\":\"https:\\\/\\\/borgvardt-ur.dk\\\/#\\\/schema\\\/logo\\\/image\\\/\",\"url\":\"https:\\\/\\\/borgvardt-ur.dk\\\/wp-content\\\/uploads\\\/websted-logo.png\",\"contentUrl\":\"https:\\\/\\\/borgvardt-ur.dk\\\/wp-content\\\/uploads\\\/websted-logo.png\",\"width\":351,\"height\":101,\"caption\":\"Borgvardt Ure\"},\"image\":{\"@id\":\"https:\\\/\\\/borgvardt-ur.dk\\\/#\\\/schema\\\/logo\\\/image\\\/\"}}]}<\/script>\n<!-- \/ Yoast SEO plugin. -->","yoast_head_json":{"title":"Contact | Borgvardt Watches","robots":{"index":"index","follow":"follow","max-snippet":"max-snippet:-1","max-image-preview":"max-image-preview:large","max-video-preview":"max-video-preview:-1"},"canonical":"https:\/\/borgvardt-ur.dk\/en\/contact-us\/","og_locale":"en_US","og_type":"article","og_title":"Kontakt | Borgvardt Ure","og_description":"F\u00e5 hj\u00e6lp Kontakt os Mit navn er Lennart og jeg vil se frem til at h\u00f8re fra dig. Du kan benytte dig af konktakt formularen eller kontakte mig over telefonen. Mail: Lennart@borgvardt-ur.dk Telefon: +45 4159 2227","og_url":"https:\/\/borgvardt-ur.dk\/en\/contact-us\/","og_site_name":"Borgvardt Ure","article_modified_time":"2026-01-22T20:35:07+00:00","twitter_card":"summary_large_image","twitter_misc":{"Est. reading time":"1 minute"},"schema":{"@context":"https:\/\/schema.org","@graph":[{"@type":"WebPage","@id":"https:\/\/borgvardt-ur.dk\/kontakt-os\/","url":"https:\/\/borgvardt-ur.dk\/kontakt-os\/","name":"Contact | Borgvardt Watches","isPartOf":{"@id":"https:\/\/borgvardt-ur.dk\/#website"},"datePublished":"2019-03-05T12:15:36+00:00","dateModified":"2026-01-22T20:35:07+00:00","breadcrumb":{"@id":"https:\/\/borgvardt-ur.dk\/kontakt-os\/#breadcrumb"},"inLanguage":"en-US","potentialAction":[{"@type":"ReadAction","target":["https:\/\/borgvardt-ur.dk\/kontakt-os\/"]}]},{"@type":"BreadcrumbList","@id":"https:\/\/borgvardt-ur.dk\/kontakt-os\/#breadcrumb","itemListElement":[{"@type":"ListItem","position":1,"name":"Forside","item":"https:\/\/borgvardt-ur.dk\/"},{"@type":"ListItem","position":2,"name":"Kontakt"}]},{"@type":"WebSite","@id":"https:\/\/borgvardt-ur.dk\/#website","url":"https:\/\/borgvardt-ur.dk\/","name":"Borgvardt Watches","description":"","publisher":{"@id":"https:\/\/borgvardt-ur.dk\/#organization"},"potentialAction":[{"@type":"SearchAction","target":{"@type":"EntryPoint","urlTemplate":"https:\/\/borgvardt-ur.dk\/?s={search_term_string}"},"query-input":{"@type":"PropertyValueSpecification","valueRequired":true,"valueName":"search_term_string"}}],"inLanguage":"en-US"},{"@type":"Organization","@id":"https:\/\/borgvardt-ur.dk\/#organization","name":"Borgvardt Watches","url":"https:\/\/borgvardt-ur.dk\/","logo":{"@type":"ImageObject","inLanguage":"en-US","@id":"https:\/\/borgvardt-ur.dk\/#\/schema\/logo\/image\/","url":"https:\/\/borgvardt-ur.dk\/wp-content\/uploads\/websted-logo.png","contentUrl":"https:\/\/borgvardt-ur.dk\/wp-content\/uploads\/websted-logo.png","width":351,"height":101,"caption":"Borgvardt Ure"},"image":{"@id":"https:\/\/borgvardt-ur.dk\/#\/schema\/logo\/image\/"}}]}},"_links":{"self":[{"href":"https:\/\/borgvardt-ur.dk\/en\/wp-json\/wp\/v2\/pages\/43","targetHints":{"allow":["GET"]}}],"collection":[{"href":"https:\/\/borgvardt-ur.dk\/en\/wp-json\/wp\/v2\/pages"}],"about":[{"href":"https:\/\/borgvardt-ur.dk\/en\/wp-json\/wp\/v2\/types\/page"}],"author":[{"embeddable":true,"href":"https:\/\/borgvardt-ur.dk\/en\/wp-json\/wp\/v2\/users\/1"}],"replies":[{"embeddable":true,"href":"https:\/\/borgvardt-ur.dk\/en\/wp-json\/wp\/v2\/comments?post=43"}],"version-history":[{"count":20,"href":"https:\/\/borgvardt-ur.dk\/en\/wp-json\/wp\/v2\/pages\/43\/revisions"}],"predecessor-version":[{"id":6222,"href":"https:\/\/borgvardt-ur.dk\/en\/wp-json\/wp\/v2\/pages\/43\/revisions\/6222"}],"wp:attachment":[{"href":"https:\/\/borgvardt-ur.dk\/en\/wp-json\/wp\/v2\/media?parent=43"}],"curies":[{"name":"wp","href":"https:\/\/api.w.org\/{rel}","templated":true}]}}